{"id":1468,"date":"2022-02-09T08:28:00","date_gmt":"2022-02-09T07:28:00","guid":{"rendered":"https:\/\/www.bekarch.majwee.com\/homepage\/"},"modified":"2026-04-01T16:19:51","modified_gmt":"2026-04-01T14:19:51","slug":"homepage","status":"publish","type":"page","link":"https:\/\/www.bekarch.cz\/en\/","title":{"rendered":"Homepage"},"content":{"rendered":"","protected":false},"excerpt":{"rendered":"","protected":false},"author":1,"featured_media":0,"parent":0,"menu_order":7,"comment_status":"closed","ping_status":"closed","template":"page-homepage.php","meta":{"inline_featured_image":false,"footnotes":""},"class_list":["post-1468","page","type-page","status-publish","hentry"],"acf":[],"yoast_head":"<!-- This site is optimized with the Yoast SEO plugin v19.2 - https:\/\/yoast.com\/wordpress\/plugins\/seo\/ -->\n<title>Homepage - BekArch<\/title>\n<meta name=\"description\" content=\"An architectural studio focused on timeless interiors, villas, and boutique projects.Calm architecture. Precise detail. Enduring value.\" \/>\n<meta name=\"robots\" content=\"noindex, follow, max-snippet:-1, max-image-preview:large, max-video-preview:-1\" \/>\n<meta property=\"og:locale\" content=\"en_US\" \/>\n<meta property=\"og:type\" content=\"article\" \/>\n<meta property=\"og:title\" content=\"Homepage - BekArch\" \/>\n<meta property=\"og:description\" content=\"An architectural studio focused on timeless interiors, villas, and boutique projects.Calm architecture. Precise detail. Enduring value.\" \/>\n<meta property=\"og:url\" content=\"https:\/\/www.bekarch.cz\/en\/\" \/>\n<meta property=\"og:site_name\" content=\"BekArch\" \/>\n<meta property=\"article:modified_time\" content=\"2026-04-01T14:19:51+00:00\" \/>\n<meta property=\"og:image\" content=\"https:\/\/www.bekarch.cz\/wp-content\/uploads\/2022\/06\/UVOD-3.jpg\" \/>\n\t<meta property=\"og:image:width\" content=\"1367\" \/>\n\t<meta property=\"og:image:height\" content=\"1367\" \/>\n\t<meta property=\"og:image:type\" content=\"image\/jpeg\" \/>\n<meta name=\"author\" content=\"admin\" \/>\n<meta name=\"twitter:card\" content=\"summary_large_image\" \/>\n<script type=\"application\/ld+json\" class=\"yoast-schema-graph\">{\"@context\":\"https:\/\/schema.org\",\"@graph\":[{\"@type\":\"WebSite\",\"@id\":\"https:\/\/www.bekarch.cz\/en\/#website\",\"url\":\"https:\/\/www.bekarch.cz\/en\/\",\"name\":\"BekArch\",\"description\":\"N\u00e1vrhy priv\u00e1tn\u00edch a komer\u010dn\u00edch interi\u00e9r\u016f, restaurac\u00ed, kav\u00e1ren. Studie rodinn\u00fdch dom\u016f, v\u0161echny f\u00e1ze projektov\u00e9 dokumentace. Realizace staveb.\",\"potentialAction\":[{\"@type\":\"SearchAction\",\"target\":{\"@type\":\"EntryPoint\",\"urlTemplate\":\"https:\/\/www.bekarch.cz\/en\/?s={search_term_string}\"},\"query-input\":\"required name=search_term_string\"}],\"inLanguage\":\"en-US\"},{\"@type\":\"ImageObject\",\"inLanguage\":\"en-US\",\"@id\":\"https:\/\/www.bekarch.cz\/en\/#primaryimage\",\"url\":\"https:\/\/www.bekarch.cz\/wp-content\/uploads\/2022\/06\/UVOD-3.jpg\",\"contentUrl\":\"https:\/\/www.bekarch.cz\/wp-content\/uploads\/2022\/06\/UVOD-3.jpg\",\"width\":1367,\"height\":1367},{\"@type\":\"WebPage\",\"@id\":\"https:\/\/www.bekarch.cz\/en\/#webpage\",\"url\":\"https:\/\/www.bekarch.cz\/en\/\",\"name\":\"Homepage - BekArch\",\"isPartOf\":{\"@id\":\"https:\/\/www.bekarch.cz\/en\/#website\"},\"primaryImageOfPage\":{\"@id\":\"https:\/\/www.bekarch.cz\/en\/#primaryimage\"},\"datePublished\":\"2022-02-09T07:28:00+00:00\",\"dateModified\":\"2026-04-01T14:19:51+00:00\",\"description\":\"An architectural studio focused on timeless interiors, villas, and boutique projects.Calm architecture. Precise detail. Enduring value.\",\"breadcrumb\":{\"@id\":\"https:\/\/www.bekarch.cz\/en\/#breadcrumb\"},\"inLanguage\":\"en-US\",\"potentialAction\":[{\"@type\":\"ReadAction\",\"target\":[\"https:\/\/www.bekarch.cz\/en\/\"]}]},{\"@type\":\"BreadcrumbList\",\"@id\":\"https:\/\/www.bekarch.cz\/en\/#breadcrumb\",\"itemListElement\":[{\"@type\":\"ListItem\",\"position\":1,\"name\":\"Dom\u016f\",\"item\":\"https:\/\/www.bekarch.cz\/en\/\"},{\"@type\":\"ListItem\",\"position\":2,\"name\":\"Homepage\"}]}]}<\/script>\n<!-- \/ Yoast SEO plugin. -->","yoast_head_json":{"title":"Homepage - BekArch","description":"An architectural studio focused on timeless interiors, villas, and boutique projects.Calm architecture. Precise detail. Enduring value.","robots":{"index":"noindex","follow":"follow","max-snippet":"max-snippet:-1","max-image-preview":"max-image-preview:large","max-video-preview":"max-video-preview:-1"},"og_locale":"en_US","og_type":"article","og_title":"Homepage - BekArch","og_description":"An architectural studio focused on timeless interiors, villas, and boutique projects.Calm architecture. Precise detail. Enduring value.","og_url":"https:\/\/www.bekarch.cz\/en\/","og_site_name":"BekArch","article_modified_time":"2026-04-01T14:19:51+00:00","og_image":[{"width":1367,"height":1367,"url":"https:\/\/www.bekarch.cz\/wp-content\/uploads\/2022\/06\/UVOD-3.jpg","type":"image\/jpeg"}],"author":"admin","twitter_card":"summary_large_image","schema":{"@context":"https:\/\/schema.org","@graph":[{"@type":"WebSite","@id":"https:\/\/www.bekarch.cz\/en\/#website","url":"https:\/\/www.bekarch.cz\/en\/","name":"BekArch","description":"N\u00e1vrhy priv\u00e1tn\u00edch a komer\u010dn\u00edch interi\u00e9r\u016f, restaurac\u00ed, kav\u00e1ren. Studie rodinn\u00fdch dom\u016f, v\u0161echny f\u00e1ze projektov\u00e9 dokumentace. Realizace staveb.","potentialAction":[{"@type":"SearchAction","target":{"@type":"EntryPoint","urlTemplate":"https:\/\/www.bekarch.cz\/en\/?s={search_term_string}"},"query-input":"required name=search_term_string"}],"inLanguage":"en-US"},{"@type":"ImageObject","inLanguage":"en-US","@id":"https:\/\/www.bekarch.cz\/en\/#primaryimage","url":"https:\/\/www.bekarch.cz\/wp-content\/uploads\/2022\/06\/UVOD-3.jpg","contentUrl":"https:\/\/www.bekarch.cz\/wp-content\/uploads\/2022\/06\/UVOD-3.jpg","width":1367,"height":1367},{"@type":"WebPage","@id":"https:\/\/www.bekarch.cz\/en\/#webpage","url":"https:\/\/www.bekarch.cz\/en\/","name":"Homepage - BekArch","isPartOf":{"@id":"https:\/\/www.bekarch.cz\/en\/#website"},"primaryImageOfPage":{"@id":"https:\/\/www.bekarch.cz\/en\/#primaryimage"},"datePublished":"2022-02-09T07:28:00+00:00","dateModified":"2026-04-01T14:19:51+00:00","description":"An architectural studio focused on timeless interiors, villas, and boutique projects.Calm architecture. Precise detail. Enduring value.","breadcrumb":{"@id":"https:\/\/www.bekarch.cz\/en\/#breadcrumb"},"inLanguage":"en-US","potentialAction":[{"@type":"ReadAction","target":["https:\/\/www.bekarch.cz\/en\/"]}]},{"@type":"BreadcrumbList","@id":"https:\/\/www.bekarch.cz\/en\/#breadcrumb","itemListElement":[{"@type":"ListItem","position":1,"name":"Dom\u016f","item":"https:\/\/www.bekarch.cz\/en\/"},{"@type":"ListItem","position":2,"name":"Homepage"}]}]}},"_links":{"self":[{"href":"https:\/\/www.bekarch.cz\/en\/wp-json\/wp\/v2\/pages\/1468","targetHints":{"allow":["GET"]}}],"collection":[{"href":"https:\/\/www.bekarch.cz\/en\/wp-json\/wp\/v2\/pages"}],"about":[{"href":"https:\/\/www.bekarch.cz\/en\/wp-json\/wp\/v2\/types\/page"}],"author":[{"embeddable":true,"href":"https:\/\/www.bekarch.cz\/en\/wp-json\/wp\/v2\/users\/1"}],"replies":[{"embeddable":true,"href":"https:\/\/www.bekarch.cz\/en\/wp-json\/wp\/v2\/comments?post=1468"}],"version-history":[{"count":9,"href":"https:\/\/www.bekarch.cz\/en\/wp-json\/wp\/v2\/pages\/1468\/revisions"}],"predecessor-version":[{"id":3313,"href":"https:\/\/www.bekarch.cz\/en\/wp-json\/wp\/v2\/pages\/1468\/revisions\/3313"}],"wp:attachment":[{"href":"https:\/\/www.bekarch.cz\/en\/wp-json\/wp\/v2\/media?parent=1468"}],"curies":[{"name":"wp","href":"https:\/\/api.w.org\/{rel}","templated":true}]}}