{"id":1472,"date":"2022-02-09T10:57:28","date_gmt":"2022-02-09T09:57:28","guid":{"rendered":"https:\/\/www.bekarch.cz\/o-nas\/"},"modified":"2026-01-03T18:40:15","modified_gmt":"2026-01-03T17:40:15","slug":"architectural-studio-en","status":"publish","type":"page","link":"https:\/\/www.bekarch.cz\/en\/architectural-studio-en\/","title":{"rendered":"Studio"},"content":{"rendered":"","protected":false},"excerpt":{"rendered":"","protected":false},"author":1,"featured_media":0,"parent":0,"menu_order":5,"comment_status":"closed","ping_status":"closed","template":"page-about.php","meta":{"footnotes":""},"class_list":["post-1472","page","type-page","status-publish","hentry"],"acf":[],"yoast_head":"<!-- This site is optimized with the Yoast SEO plugin v19.2 - https:\/\/yoast.com\/wordpress\/plugins\/seo\/ -->\n<title>Studio - BekArch<\/title>\n<meta name=\"description\" content=\"Architectural studio BekArch. Calm architecture. Precise detail. Long-lasting quality.\" \/>\n<meta name=\"robots\" content=\"index, follow, max-snippet:-1, max-image-preview:large, max-video-preview:-1\" \/>\n<link rel=\"canonical\" href=\"https:\/\/www.bekarch.cz\/en\/architectural-studio-en\/\" \/>\n<meta property=\"og:locale\" content=\"en_US\" \/>\n<meta property=\"og:type\" content=\"article\" \/>\n<meta property=\"og:title\" content=\"Studio - BekArch\" \/>\n<meta property=\"og:description\" content=\"Architectural studio BekArch. Calm architecture. Precise detail. Long-lasting quality.\" \/>\n<meta property=\"og:url\" content=\"https:\/\/www.bekarch.cz\/en\/architectural-studio-en\/\" \/>\n<meta property=\"og:site_name\" content=\"BekArch\" \/>\n<meta property=\"article:modified_time\" content=\"2026-01-03T17:40:15+00:00\" \/>\n<meta name=\"author\" content=\"admin\" \/>\n<meta name=\"twitter:card\" content=\"summary_large_image\" \/>\n<script type=\"application\/ld+json\" class=\"yoast-schema-graph\">{\"@context\":\"https:\/\/schema.org\",\"@graph\":[{\"@type\":\"WebSite\",\"@id\":\"https:\/\/www.bekarch.cz\/en\/#website\",\"url\":\"https:\/\/www.bekarch.cz\/en\/\",\"name\":\"BekArch\",\"description\":\"N\u00e1vrhy priv\u00e1tn\u00edch a komer\u010dn\u00edch interi\u00e9r\u016f, restaurac\u00ed, kav\u00e1ren. Studie rodinn\u00fdch dom\u016f, v\u0161echny f\u00e1ze projektov\u00e9 dokumentace. Realizace staveb.\",\"potentialAction\":[{\"@type\":\"SearchAction\",\"target\":{\"@type\":\"EntryPoint\",\"urlTemplate\":\"https:\/\/www.bekarch.cz\/en\/?s={search_term_string}\"},\"query-input\":\"required name=search_term_string\"}],\"inLanguage\":\"en-US\"},{\"@type\":\"WebPage\",\"@id\":\"https:\/\/www.bekarch.cz\/en\/architectural-studio-en\/#webpage\",\"url\":\"https:\/\/www.bekarch.cz\/en\/architectural-studio-en\/\",\"name\":\"Studio - BekArch\",\"isPartOf\":{\"@id\":\"https:\/\/www.bekarch.cz\/en\/#website\"},\"datePublished\":\"2022-02-09T09:57:28+00:00\",\"dateModified\":\"2026-01-03T17:40:15+00:00\",\"description\":\"Architectural studio BekArch. Calm architecture. Precise detail. Long-lasting quality.\",\"breadcrumb\":{\"@id\":\"https:\/\/www.bekarch.cz\/en\/architectural-studio-en\/#breadcrumb\"},\"inLanguage\":\"en-US\",\"potentialAction\":[{\"@type\":\"ReadAction\",\"target\":[\"https:\/\/www.bekarch.cz\/en\/architectural-studio-en\/\"]}]},{\"@type\":\"BreadcrumbList\",\"@id\":\"https:\/\/www.bekarch.cz\/en\/architectural-studio-en\/#breadcrumb\",\"itemListElement\":[{\"@type\":\"ListItem\",\"position\":1,\"name\":\"Dom\u016f\",\"item\":\"https:\/\/www.bekarch.cz\/en\/\"},{\"@type\":\"ListItem\",\"position\":2,\"name\":\"Studio\"}]}]}<\/script>\n<!-- \/ Yoast SEO plugin. -->","yoast_head_json":{"title":"Studio - BekArch","description":"Architectural studio BekArch. Calm architecture. Precise detail. Long-lasting quality.","robots":{"index":"index","follow":"follow","max-snippet":"max-snippet:-1","max-image-preview":"max-image-preview:large","max-video-preview":"max-video-preview:-1"},"canonical":"https:\/\/www.bekarch.cz\/en\/architectural-studio-en\/","og_locale":"en_US","og_type":"article","og_title":"Studio - BekArch","og_description":"Architectural studio BekArch. Calm architecture. Precise detail. Long-lasting quality.","og_url":"https:\/\/www.bekarch.cz\/en\/architectural-studio-en\/","og_site_name":"BekArch","article_modified_time":"2026-01-03T17:40:15+00:00","author":"admin","twitter_card":"summary_large_image","schema":{"@context":"https:\/\/schema.org","@graph":[{"@type":"WebSite","@id":"https:\/\/www.bekarch.cz\/en\/#website","url":"https:\/\/www.bekarch.cz\/en\/","name":"BekArch","description":"N\u00e1vrhy priv\u00e1tn\u00edch a komer\u010dn\u00edch interi\u00e9r\u016f, restaurac\u00ed, kav\u00e1ren. Studie rodinn\u00fdch dom\u016f, v\u0161echny f\u00e1ze projektov\u00e9 dokumentace. Realizace staveb.","potentialAction":[{"@type":"SearchAction","target":{"@type":"EntryPoint","urlTemplate":"https:\/\/www.bekarch.cz\/en\/?s={search_term_string}"},"query-input":"required name=search_term_string"}],"inLanguage":"en-US"},{"@type":"WebPage","@id":"https:\/\/www.bekarch.cz\/en\/architectural-studio-en\/#webpage","url":"https:\/\/www.bekarch.cz\/en\/architectural-studio-en\/","name":"Studio - BekArch","isPartOf":{"@id":"https:\/\/www.bekarch.cz\/en\/#website"},"datePublished":"2022-02-09T09:57:28+00:00","dateModified":"2026-01-03T17:40:15+00:00","description":"Architectural studio BekArch. Calm architecture. Precise detail. Long-lasting quality.","breadcrumb":{"@id":"https:\/\/www.bekarch.cz\/en\/architectural-studio-en\/#breadcrumb"},"inLanguage":"en-US","potentialAction":[{"@type":"ReadAction","target":["https:\/\/www.bekarch.cz\/en\/architectural-studio-en\/"]}]},{"@type":"BreadcrumbList","@id":"https:\/\/www.bekarch.cz\/en\/architectural-studio-en\/#breadcrumb","itemListElement":[{"@type":"ListItem","position":1,"name":"Dom\u016f","item":"https:\/\/www.bekarch.cz\/en\/"},{"@type":"ListItem","position":2,"name":"Studio"}]}]}},"_links":{"self":[{"href":"https:\/\/www.bekarch.cz\/en\/wp-json\/wp\/v2\/pages\/1472","targetHints":{"allow":["GET"]}}],"collection":[{"href":"https:\/\/www.bekarch.cz\/en\/wp-json\/wp\/v2\/pages"}],"about":[{"href":"https:\/\/www.bekarch.cz\/en\/wp-json\/wp\/v2\/types\/page"}],"author":[{"embeddable":true,"href":"https:\/\/www.bekarch.cz\/en\/wp-json\/wp\/v2\/users\/1"}],"replies":[{"embeddable":true,"href":"https:\/\/www.bekarch.cz\/en\/wp-json\/wp\/v2\/comments?post=1472"}],"version-history":[{"count":10,"href":"https:\/\/www.bekarch.cz\/en\/wp-json\/wp\/v2\/pages\/1472\/revisions"}],"predecessor-version":[{"id":2728,"href":"https:\/\/www.bekarch.cz\/en\/wp-json\/wp\/v2\/pages\/1472\/revisions\/2728"}],"wp:attachment":[{"href":"https:\/\/www.bekarch.cz\/en\/wp-json\/wp\/v2\/media?parent=1472"}],"curies":[{"name":"wp","href":"https:\/\/api.w.org\/{rel}","templated":true}]}}