{"id":1478,"date":"2022-11-04T15:46:41","date_gmt":"2022-11-04T14:46:41","guid":{"rendered":"https:\/\/www.bekarch.majwee.com\/architektnicko-realitni-sluzby\/"},"modified":"2026-01-29T13:09:12","modified_gmt":"2026-01-29T12:09:12","slug":"architectural-real-estate-services","status":"publish","type":"page","link":"https:\/\/www.bekarch.cz\/en\/architectural-real-estate-services\/","title":{"rendered":"DEVELOPMENT &#038; REAL ESTATE"},"content":{"rendered":"","protected":false},"excerpt":{"rendered":"","protected":false},"author":1,"featured_media":0,"parent":0,"menu_order":3,"comment_status":"closed","ping_status":"closed","template":"page-sluzby.php","meta":{"inline_featured_image":false,"footnotes":""},"class_list":["post-1478","page","type-page","status-publish","hentry"],"acf":[],"yoast_head":"<!-- This site is optimized with the Yoast SEO plugin v19.2 - https:\/\/yoast.com\/wordpress\/plugins\/seo\/ -->\n<title>DEVELOPMENT &amp; REAL ESTATE - BekArch<\/title>\n<meta name=\"robots\" content=\"noindex, follow, max-snippet:-1, max-image-preview:large, max-video-preview:-1\" \/>\n<meta property=\"og:locale\" content=\"en_US\" \/>\n<meta property=\"og:type\" content=\"article\" \/>\n<meta property=\"og:title\" content=\"DEVELOPMENT &amp; REAL ESTATE - BekArch\" \/>\n<meta property=\"og:url\" content=\"https:\/\/www.bekarch.cz\/en\/architectural-real-estate-services\/\" \/>\n<meta property=\"og:site_name\" content=\"BekArch\" \/>\n<meta property=\"article:modified_time\" content=\"2026-01-29T12:09:12+00:00\" \/>\n<meta name=\"author\" content=\"admin\" \/>\n<meta name=\"twitter:card\" content=\"summary_large_image\" \/>\n<script type=\"application\/ld+json\" class=\"yoast-schema-graph\">{\"@context\":\"https:\/\/schema.org\",\"@graph\":[{\"@type\":\"WebSite\",\"@id\":\"https:\/\/www.bekarch.cz\/en\/#website\",\"url\":\"https:\/\/www.bekarch.cz\/en\/\",\"name\":\"BekArch\",\"description\":\"N\u00e1vrhy priv\u00e1tn\u00edch a komer\u010dn\u00edch interi\u00e9r\u016f, restaurac\u00ed, kav\u00e1ren. Studie rodinn\u00fdch dom\u016f, v\u0161echny f\u00e1ze projektov\u00e9 dokumentace. Realizace staveb.\",\"potentialAction\":[{\"@type\":\"SearchAction\",\"target\":{\"@type\":\"EntryPoint\",\"urlTemplate\":\"https:\/\/www.bekarch.cz\/en\/?s={search_term_string}\"},\"query-input\":\"required name=search_term_string\"}],\"inLanguage\":\"en-US\"},{\"@type\":\"WebPage\",\"@id\":\"https:\/\/www.bekarch.cz\/en\/architectural-real-estate-services\/#webpage\",\"url\":\"https:\/\/www.bekarch.cz\/en\/architectural-real-estate-services\/\",\"name\":\"DEVELOPMENT & REAL ESTATE - BekArch\",\"isPartOf\":{\"@id\":\"https:\/\/www.bekarch.cz\/en\/#website\"},\"datePublished\":\"2022-11-04T14:46:41+00:00\",\"dateModified\":\"2026-01-29T12:09:12+00:00\",\"breadcrumb\":{\"@id\":\"https:\/\/www.bekarch.cz\/en\/architectural-real-estate-services\/#breadcrumb\"},\"inLanguage\":\"en-US\",\"potentialAction\":[{\"@type\":\"ReadAction\",\"target\":[\"https:\/\/www.bekarch.cz\/en\/architectural-real-estate-services\/\"]}]},{\"@type\":\"BreadcrumbList\",\"@id\":\"https:\/\/www.bekarch.cz\/en\/architectural-real-estate-services\/#breadcrumb\",\"itemListElement\":[{\"@type\":\"ListItem\",\"position\":1,\"name\":\"Dom\u016f\",\"item\":\"https:\/\/www.bekarch.cz\/en\/\"},{\"@type\":\"ListItem\",\"position\":2,\"name\":\"DEVELOPMENT &#038; REAL ESTATE\"}]}]}<\/script>\n<!-- \/ Yoast SEO plugin. -->","yoast_head_json":{"title":"DEVELOPMENT & REAL ESTATE - BekArch","robots":{"index":"noindex","follow":"follow","max-snippet":"max-snippet:-1","max-image-preview":"max-image-preview:large","max-video-preview":"max-video-preview:-1"},"og_locale":"en_US","og_type":"article","og_title":"DEVELOPMENT & REAL ESTATE - BekArch","og_url":"https:\/\/www.bekarch.cz\/en\/architectural-real-estate-services\/","og_site_name":"BekArch","article_modified_time":"2026-01-29T12:09:12+00:00","author":"admin","twitter_card":"summary_large_image","schema":{"@context":"https:\/\/schema.org","@graph":[{"@type":"WebSite","@id":"https:\/\/www.bekarch.cz\/en\/#website","url":"https:\/\/www.bekarch.cz\/en\/","name":"BekArch","description":"N\u00e1vrhy priv\u00e1tn\u00edch a komer\u010dn\u00edch interi\u00e9r\u016f, restaurac\u00ed, kav\u00e1ren. Studie rodinn\u00fdch dom\u016f, v\u0161echny f\u00e1ze projektov\u00e9 dokumentace. Realizace staveb.","potentialAction":[{"@type":"SearchAction","target":{"@type":"EntryPoint","urlTemplate":"https:\/\/www.bekarch.cz\/en\/?s={search_term_string}"},"query-input":"required name=search_term_string"}],"inLanguage":"en-US"},{"@type":"WebPage","@id":"https:\/\/www.bekarch.cz\/en\/architectural-real-estate-services\/#webpage","url":"https:\/\/www.bekarch.cz\/en\/architectural-real-estate-services\/","name":"DEVELOPMENT & REAL ESTATE - BekArch","isPartOf":{"@id":"https:\/\/www.bekarch.cz\/en\/#website"},"datePublished":"2022-11-04T14:46:41+00:00","dateModified":"2026-01-29T12:09:12+00:00","breadcrumb":{"@id":"https:\/\/www.bekarch.cz\/en\/architectural-real-estate-services\/#breadcrumb"},"inLanguage":"en-US","potentialAction":[{"@type":"ReadAction","target":["https:\/\/www.bekarch.cz\/en\/architectural-real-estate-services\/"]}]},{"@type":"BreadcrumbList","@id":"https:\/\/www.bekarch.cz\/en\/architectural-real-estate-services\/#breadcrumb","itemListElement":[{"@type":"ListItem","position":1,"name":"Dom\u016f","item":"https:\/\/www.bekarch.cz\/en\/"},{"@type":"ListItem","position":2,"name":"DEVELOPMENT &#038; REAL ESTATE"}]}]}},"_links":{"self":[{"href":"https:\/\/www.bekarch.cz\/en\/wp-json\/wp\/v2\/pages\/1478","targetHints":{"allow":["GET"]}}],"collection":[{"href":"https:\/\/www.bekarch.cz\/en\/wp-json\/wp\/v2\/pages"}],"about":[{"href":"https:\/\/www.bekarch.cz\/en\/wp-json\/wp\/v2\/types\/page"}],"author":[{"embeddable":true,"href":"https:\/\/www.bekarch.cz\/en\/wp-json\/wp\/v2\/users\/1"}],"replies":[{"embeddable":true,"href":"https:\/\/www.bekarch.cz\/en\/wp-json\/wp\/v2\/comments?post=1478"}],"version-history":[{"count":5,"href":"https:\/\/www.bekarch.cz\/en\/wp-json\/wp\/v2\/pages\/1478\/revisions"}],"predecessor-version":[{"id":3142,"href":"https:\/\/www.bekarch.cz\/en\/wp-json\/wp\/v2\/pages\/1478\/revisions\/3142"}],"wp:attachment":[{"href":"https:\/\/www.bekarch.cz\/en\/wp-json\/wp\/v2\/media?parent=1478"}],"curies":[{"name":"wp","href":"https:\/\/api.w.org\/{rel}","templated":true}]}}