{"id":3096,"date":"2026-01-28T09:13:42","date_gmt":"2026-01-28T08:13:42","guid":{"rendered":"https:\/\/bekarch.majwee.com\/faq\/"},"modified":"2026-04-01T12:39:56","modified_gmt":"2026-04-01T10:39:56","slug":"faq","status":"publish","type":"page","link":"https:\/\/www.bekarch.cz\/en\/faq\/","title":{"rendered":"Frequently Asked Questions"},"content":{"rendered":"<p>Do you have questions about the course of our cooperation, pricing, or the scope of services?<br data-start=\"154\" data-end=\"157\" \/>We\u2019ve prepared answers to the most frequently asked questions to help you get oriented quickly. If you don\u2019t find what you\u2019re looking for here, feel free to <a href=\"https:\/\/www.bekarch.cz\/en\/contact\/\">contact us<\/a>.<\/p>\n","protected":false},"excerpt":{"rendered":"<p>Do you have questions about the course of our cooperation, pricing, or the scope of services?We\u2019ve prepared answers to the most frequently asked questions to help you get oriented quickly. If you don\u2019t find what you\u2019re looking for here, feel free to contact us.<\/p>\n","protected":false},"author":1,"featured_media":2506,"parent":0,"menu_order":0,"comment_status":"closed","ping_status":"closed","template":"page-faq.php","meta":{"inline_featured_image":false,"footnotes":""},"class_list":["post-3096","page","type-page","status-publish","has-post-thumbnail","hentry"],"acf":[],"yoast_head":"<!-- This site is optimized with the Yoast SEO plugin v19.2 - https:\/\/yoast.com\/wordpress\/plugins\/seo\/ -->\n<title>Frequently Asked Questions - BekArch<\/title>\n<meta name=\"description\" content=\"Odpov\u011bdi na nej\u010dast\u011bj\u0161\u00ed dotazy k architektonick\u00fdm slu\u017eb\u00e1m, pr\u016fb\u011bhu spolupr\u00e1ce, cen\u011b i realizaci projektu od studie a\u017e po stavbu.\" \/>\n<meta name=\"robots\" content=\"noindex, follow, max-snippet:-1, max-image-preview:large, max-video-preview:-1\" \/>\n<meta property=\"og:locale\" content=\"en_US\" \/>\n<meta property=\"og:type\" content=\"article\" \/>\n<meta property=\"og:title\" content=\"Frequently Asked Questions - BekArch\" \/>\n<meta property=\"og:description\" content=\"Odpov\u011bdi na nej\u010dast\u011bj\u0161\u00ed dotazy k architektonick\u00fdm slu\u017eb\u00e1m, pr\u016fb\u011bhu spolupr\u00e1ce, cen\u011b i realizaci projektu od studie a\u017e po stavbu.\" \/>\n<meta property=\"og:url\" content=\"https:\/\/www.bekarch.cz\/en\/faq\/\" \/>\n<meta property=\"og:site_name\" content=\"BekArch\" \/>\n<meta property=\"article:modified_time\" content=\"2026-04-01T10:39:56+00:00\" \/>\n<meta property=\"og:image\" content=\"https:\/\/www.bekarch.cz\/wp-content\/uploads\/2025\/09\/Edited-9-scaled.jpg\" \/>\n\t<meta property=\"og:image:width\" content=\"2560\" \/>\n\t<meta property=\"og:image:height\" content=\"1708\" \/>\n\t<meta property=\"og:image:type\" content=\"image\/jpeg\" \/>\n<meta name=\"author\" content=\"admin\" \/>\n<meta name=\"twitter:card\" content=\"summary_large_image\" \/>\n<script type=\"application\/ld+json\" class=\"yoast-schema-graph\">{\"@context\":\"https:\/\/schema.org\",\"@graph\":[{\"@type\":\"WebSite\",\"@id\":\"https:\/\/www.bekarch.cz\/en\/#website\",\"url\":\"https:\/\/www.bekarch.cz\/en\/\",\"name\":\"BekArch\",\"description\":\"N\u00e1vrhy priv\u00e1tn\u00edch a komer\u010dn\u00edch interi\u00e9r\u016f, restaurac\u00ed, kav\u00e1ren. Studie rodinn\u00fdch dom\u016f, v\u0161echny f\u00e1ze projektov\u00e9 dokumentace. Realizace staveb.\",\"potentialAction\":[{\"@type\":\"SearchAction\",\"target\":{\"@type\":\"EntryPoint\",\"urlTemplate\":\"https:\/\/www.bekarch.cz\/en\/?s={search_term_string}\"},\"query-input\":\"required name=search_term_string\"}],\"inLanguage\":\"en-US\"},{\"@type\":\"ImageObject\",\"inLanguage\":\"en-US\",\"@id\":\"https:\/\/www.bekarch.cz\/en\/faq\/#primaryimage\",\"url\":\"https:\/\/www.bekarch.cz\/wp-content\/uploads\/2025\/09\/Edited-9-scaled.jpg\",\"contentUrl\":\"https:\/\/www.bekarch.cz\/wp-content\/uploads\/2025\/09\/Edited-9-scaled.jpg\",\"width\":2560,\"height\":1708},{\"@type\":\"WebPage\",\"@id\":\"https:\/\/www.bekarch.cz\/en\/faq\/#webpage\",\"url\":\"https:\/\/www.bekarch.cz\/en\/faq\/\",\"name\":\"Frequently Asked Questions - BekArch\",\"isPartOf\":{\"@id\":\"https:\/\/www.bekarch.cz\/en\/#website\"},\"primaryImageOfPage\":{\"@id\":\"https:\/\/www.bekarch.cz\/en\/faq\/#primaryimage\"},\"datePublished\":\"2026-01-28T08:13:42+00:00\",\"dateModified\":\"2026-04-01T10:39:56+00:00\",\"description\":\"Odpov\u011bdi na nej\u010dast\u011bj\u0161\u00ed dotazy k architektonick\u00fdm slu\u017eb\u00e1m, pr\u016fb\u011bhu spolupr\u00e1ce, cen\u011b i realizaci projektu od studie a\u017e po stavbu.\",\"breadcrumb\":{\"@id\":\"https:\/\/www.bekarch.cz\/en\/faq\/#breadcrumb\"},\"inLanguage\":\"en-US\",\"potentialAction\":[{\"@type\":\"ReadAction\",\"target\":[\"https:\/\/www.bekarch.cz\/en\/faq\/\"]}]},{\"@type\":\"BreadcrumbList\",\"@id\":\"https:\/\/www.bekarch.cz\/en\/faq\/#breadcrumb\",\"itemListElement\":[{\"@type\":\"ListItem\",\"position\":1,\"name\":\"Dom\u016f\",\"item\":\"https:\/\/www.bekarch.cz\/en\/\"},{\"@type\":\"ListItem\",\"position\":2,\"name\":\"Frequently Asked Questions\"}]}]}<\/script>\n<!-- \/ Yoast SEO plugin. -->","yoast_head_json":{"title":"Frequently Asked Questions - BekArch","description":"Odpov\u011bdi na nej\u010dast\u011bj\u0161\u00ed dotazy k architektonick\u00fdm slu\u017eb\u00e1m, pr\u016fb\u011bhu spolupr\u00e1ce, cen\u011b i realizaci projektu od studie a\u017e po stavbu.","robots":{"index":"noindex","follow":"follow","max-snippet":"max-snippet:-1","max-image-preview":"max-image-preview:large","max-video-preview":"max-video-preview:-1"},"og_locale":"en_US","og_type":"article","og_title":"Frequently Asked Questions - BekArch","og_description":"Odpov\u011bdi na nej\u010dast\u011bj\u0161\u00ed dotazy k architektonick\u00fdm slu\u017eb\u00e1m, pr\u016fb\u011bhu spolupr\u00e1ce, cen\u011b i realizaci projektu od studie a\u017e po stavbu.","og_url":"https:\/\/www.bekarch.cz\/en\/faq\/","og_site_name":"BekArch","article_modified_time":"2026-04-01T10:39:56+00:00","og_image":[{"width":2560,"height":1708,"url":"https:\/\/www.bekarch.cz\/wp-content\/uploads\/2025\/09\/Edited-9-scaled.jpg","type":"image\/jpeg"}],"author":"admin","twitter_card":"summary_large_image","schema":{"@context":"https:\/\/schema.org","@graph":[{"@type":"WebSite","@id":"https:\/\/www.bekarch.cz\/en\/#website","url":"https:\/\/www.bekarch.cz\/en\/","name":"BekArch","description":"N\u00e1vrhy priv\u00e1tn\u00edch a komer\u010dn\u00edch interi\u00e9r\u016f, restaurac\u00ed, kav\u00e1ren. Studie rodinn\u00fdch dom\u016f, v\u0161echny f\u00e1ze projektov\u00e9 dokumentace. Realizace staveb.","potentialAction":[{"@type":"SearchAction","target":{"@type":"EntryPoint","urlTemplate":"https:\/\/www.bekarch.cz\/en\/?s={search_term_string}"},"query-input":"required name=search_term_string"}],"inLanguage":"en-US"},{"@type":"ImageObject","inLanguage":"en-US","@id":"https:\/\/www.bekarch.cz\/en\/faq\/#primaryimage","url":"https:\/\/www.bekarch.cz\/wp-content\/uploads\/2025\/09\/Edited-9-scaled.jpg","contentUrl":"https:\/\/www.bekarch.cz\/wp-content\/uploads\/2025\/09\/Edited-9-scaled.jpg","width":2560,"height":1708},{"@type":"WebPage","@id":"https:\/\/www.bekarch.cz\/en\/faq\/#webpage","url":"https:\/\/www.bekarch.cz\/en\/faq\/","name":"Frequently Asked Questions - BekArch","isPartOf":{"@id":"https:\/\/www.bekarch.cz\/en\/#website"},"primaryImageOfPage":{"@id":"https:\/\/www.bekarch.cz\/en\/faq\/#primaryimage"},"datePublished":"2026-01-28T08:13:42+00:00","dateModified":"2026-04-01T10:39:56+00:00","description":"Odpov\u011bdi na nej\u010dast\u011bj\u0161\u00ed dotazy k architektonick\u00fdm slu\u017eb\u00e1m, pr\u016fb\u011bhu spolupr\u00e1ce, cen\u011b i realizaci projektu od studie a\u017e po stavbu.","breadcrumb":{"@id":"https:\/\/www.bekarch.cz\/en\/faq\/#breadcrumb"},"inLanguage":"en-US","potentialAction":[{"@type":"ReadAction","target":["https:\/\/www.bekarch.cz\/en\/faq\/"]}]},{"@type":"BreadcrumbList","@id":"https:\/\/www.bekarch.cz\/en\/faq\/#breadcrumb","itemListElement":[{"@type":"ListItem","position":1,"name":"Dom\u016f","item":"https:\/\/www.bekarch.cz\/en\/"},{"@type":"ListItem","position":2,"name":"Frequently Asked Questions"}]}]}},"_links":{"self":[{"href":"https:\/\/www.bekarch.cz\/en\/wp-json\/wp\/v2\/pages\/3096","targetHints":{"allow":["GET"]}}],"collection":[{"href":"https:\/\/www.bekarch.cz\/en\/wp-json\/wp\/v2\/pages"}],"about":[{"href":"https:\/\/www.bekarch.cz\/en\/wp-json\/wp\/v2\/types\/page"}],"author":[{"embeddable":true,"href":"https:\/\/www.bekarch.cz\/en\/wp-json\/wp\/v2\/users\/1"}],"replies":[{"embeddable":true,"href":"https:\/\/www.bekarch.cz\/en\/wp-json\/wp\/v2\/comments?post=3096"}],"version-history":[{"count":5,"href":"https:\/\/www.bekarch.cz\/en\/wp-json\/wp\/v2\/pages\/3096\/revisions"}],"predecessor-version":[{"id":3299,"href":"https:\/\/www.bekarch.cz\/en\/wp-json\/wp\/v2\/pages\/3096\/revisions\/3299"}],"wp:featuredmedia":[{"embeddable":true,"href":"https:\/\/www.bekarch.cz\/en\/wp-json\/wp\/v2\/media\/2506"}],"wp:attachment":[{"href":"https:\/\/www.bekarch.cz\/en\/wp-json\/wp\/v2\/media?parent=3096"}],"curies":[{"name":"wp","href":"https:\/\/api.w.org\/{rel}","templated":true}]}}